{"id":1486,"date":"2025-10-28T19:28:26","date_gmt":"2025-10-28T19:28:26","guid":{"rendered":"https:\/\/nybrovikensbs.se\/?page_id=1486"},"modified":"2025-10-28T20:01:40","modified_gmt":"2025-10-28T20:01:40","slug":"hem","status":"publish","type":"page","link":"https:\/\/nybrovikensbs.se\/","title":{"rendered":"Nybrovikens B\u00e5ts\u00e4llskap"},"content":{"rendered":"\n<p>NBS \u00e4r en fantastisk b\u00e5tklubb med ett unikt l\u00e4ge och h\u00e4rliga medlemmar. I \u00f6ver 60 \u00e5r har vi i Nybrovikens B\u00e5ts\u00e4llskap fr\u00e4mjat det lokala b\u00e5tlivet och skapat n\u00e5got v\u00e4rt att bevara!<\/p>\n\n\n\n<figure class=\"wp-block-image size-large\"><img loading=\"lazy\" decoding=\"async\" width=\"1024\" height=\"768\" src=\"http:\/\/nybrovikensbs.se\/wp-content\/uploads\/2025\/10\/drone_image-1024x768.jpg\" alt=\"\" class=\"wp-image-1484\" srcset=\"https:\/\/nybrovikensbs.se\/wp-content\/uploads\/2025\/10\/drone_image-1024x768.jpg 1024w, https:\/\/nybrovikensbs.se\/wp-content\/uploads\/2025\/10\/drone_image-300x225.jpg 300w, https:\/\/nybrovikensbs.se\/wp-content\/uploads\/2025\/10\/drone_image-768x576.jpg 768w, https:\/\/nybrovikensbs.se\/wp-content\/uploads\/2025\/10\/drone_image-1536x1152.jpg 1536w, https:\/\/nybrovikensbs.se\/wp-content\/uploads\/2025\/10\/drone_image.jpg 2016w\" sizes=\"auto, (max-width: 1024px) 100vw, 1024px\" \/><\/figure>\n","protected":false},"excerpt":{"rendered":"<p>NBS \u00e4r en fantastisk b\u00e5tklubb med ett unikt l\u00e4ge och h\u00e4rliga medlemmar. I \u00f6ver 60 \u00e5r har vi i Nybrovikens B\u00e5ts\u00e4llskap fr\u00e4mjat det lokala b\u00e5tlivet och skapat n\u00e5got v\u00e4rt att bevara!<\/p>\n","protected":false},"author":2,"featured_media":0,"parent":0,"menu_order":0,"comment_status":"closed","ping_status":"closed","template":"","meta":{"_themeisle_gutenberg_block_has_review":false,"footnotes":""},"class_list":["post-1486","page","type-page","status-publish","hentry"],"_links":{"self":[{"href":"https:\/\/nybrovikensbs.se\/index.php?rest_route=\/wp\/v2\/pages\/1486","targetHints":{"allow":["GET"]}}],"collection":[{"href":"https:\/\/nybrovikensbs.se\/index.php?rest_route=\/wp\/v2\/pages"}],"about":[{"href":"https:\/\/nybrovikensbs.se\/index.php?rest_route=\/wp\/v2\/types\/page"}],"author":[{"embeddable":true,"href":"https:\/\/nybrovikensbs.se\/index.php?rest_route=\/wp\/v2\/users\/2"}],"replies":[{"embeddable":true,"href":"https:\/\/nybrovikensbs.se\/index.php?rest_route=%2Fwp%2Fv2%2Fcomments&post=1486"}],"version-history":[{"count":6,"href":"https:\/\/nybrovikensbs.se\/index.php?rest_route=\/wp\/v2\/pages\/1486\/revisions"}],"predecessor-version":[{"id":1584,"href":"https:\/\/nybrovikensbs.se\/index.php?rest_route=\/wp\/v2\/pages\/1486\/revisions\/1584"}],"wp:attachment":[{"href":"https:\/\/nybrovikensbs.se\/index.php?rest_route=%2Fwp%2Fv2%2Fmedia&parent=1486"}],"curies":[{"name":"wp","href":"https:\/\/api.w.org\/{rel}","templated":true}]}}